{"id":503,"date":"2014-11-10T19:20:59","date_gmt":"2014-11-10T18:20:59","guid":{"rendered":"http:\/\/lasco.comu.ucl.ac.be\/wordpress\/?page_id=503"},"modified":"2018-03-21T14:00:58","modified_gmt":"2018-03-21T13:00:58","slug":"presentation-du-lasco","status":"publish","type":"page","link":"https:\/\/lasco.comu.ucl.ac.be\/wordpress\/?page_id=503","title":{"rendered":"Pr\u00e9sentation du Lasco"},"content":{"rendered":"<h2>I. Pr\u00e9sentation<\/h2>\n<p style=\"text-align: justify;\">La communication d&rsquo;organisation a connu un tr\u00e8s grand d\u00e9veloppement scientifique et professionnel au cours des derni\u00e8res ann\u00e9es. N\u00e9 dans la poursuite &#8211; coh\u00e9rente -de travaux men\u00e9s au d\u00e9partement de communication dans le secteur des relations publiques (d\u00e8s 1961, via le CETEDI, Centre des techniques de diffusion et de relations publiques) et de la m\u00e9diation institutionnelle ( d\u00e8s 1994), le LASCO s&rsquo;inscrit r\u00e9solument dans la voie de la recherche scientifique fondamentale et\u00a0\u00bborient\u00e9e\u00a0\u00bb. Il regroupe en son sein un ensemble de chercheurs venus d&rsquo;horizons diff\u00e9rents, mais f\u00e9d\u00e9r\u00e9s autour de l&rsquo;observation et de l&rsquo;analyse des ph\u00e9nom\u00e8nes de communication interne et externe, strat\u00e9gique ou spontan\u00e9e des organisations ; ces ph\u00e9nom\u00e8nes \u00e9tant consid\u00e9r\u00e9s comme la cons\u00e9quence et l&rsquo;origine des interactions d\u00e9velopp\u00e9es au sein ou \u00e0 partir des organisations. Le site se veut une \u00ab\u00a0vitrine\u00a0\u00bb des activit\u00e9s du groupe de recherche, mais aussi de ses projets. S&rsquo;y trouvent \u00e9galement une s\u00e9rie d&rsquo;informations et de liens avec les activit\u00e9s de recherche en mati\u00e8re de communication d&rsquo;organisation propos\u00e9es ailleurs en Europe.<\/p>\n<h2>II. Les axes<\/h2>\n<div class=\"texte-base\">\n<div class=\"texte-base\">\n<div class=\"texte-base\">\n<div class=\"texte-base\" style=\"text-align: justify;\"><span style=\"font-weight: 400;\">Le LASCO d\u00e9veloppe une acceptation large de la communication des organisations entendue comme \u00ab\u00a0projet prax\u00e9ologique\u00a0\u00bb , qui se d\u00e9cline \u00e0 travers 4 axes qui sont autant d\u2019entr\u00e9es sur ce champ de recherche\u00a0: une entr\u00e9e par les processus collaboratifs et les ph\u00e9nom\u00e8nes de communication hybride (axe\u00a01), une entr\u00e9e par les dispositifs de communication num\u00e9rique et les usages communicationnels qui les accompagnent (axe\u00a02), une entr\u00e9e par les pratiques professionnelles des acteurs de la communication (axe\u00a03) et finalement une entr\u00e9e par les enjeux contemporains de la communication (axe\u00a04). <\/span><\/div>\n<\/div>\n<\/div>\n<\/div>\n<div><\/div>\n<ul>\n<li><span style=\"text-decoration: underline;\">Axe 1<\/span> :\u00a0<a href=\"https:\/\/lasco.comu.ucl.ac.be\/wordpress\/?page_id=6603\">Processus collaboratifs et ph\u00e9nom\u00e8nes de communication hybride<\/a><\/li>\n<li><span style=\"text-decoration: underline;\">Axe 2<\/span> :\u00a0<a href=\"https:\/\/lasco.comu.ucl.ac.be\/wordpress\/?page_id=6593\">Dispositifs de communication num\u00e9rique et usages communicationnels<\/a><\/li>\n<li><span style=\"text-decoration: underline;\">Axe 3<\/span> :\u00a0<a href=\"https:\/\/lasco.comu.ucl.ac.be\/wordpress\/?page_id=6643\">Pratiques professionnels des acteurs de la communication<\/a><\/li>\n<li><span style=\"text-decoration: underline;\">Axe 4<\/span> :\u00a0<a href=\"https:\/\/lasco.comu.ucl.ac.be\/wordpress\/?page_id=6663\">Enjeux contemporains de la communication<\/a><\/li>\n<\/ul>\n","protected":false},"excerpt":{"rendered":"<p>I. Pr\u00e9sentation La communication d&rsquo;organisation a connu un tr\u00e8s grand d\u00e9veloppement scientifique et professionnel au cours des derni\u00e8res ann\u00e9es. N\u00e9 dans la poursuite &#8211; coh\u00e9rente -de travaux men\u00e9s au d\u00e9partement de communication dans le secteur des relations publiques (d\u00e8s 1961, via le CETEDI, Centre des techniques de diffusion et de\u2026<\/p>\n<p> <a class=\"continue-reading-link\" href=\"https:\/\/lasco.comu.ucl.ac.be\/wordpress\/?page_id=503\"><span>Lire la suite<\/span><i class=\"crycon-right-dir\"><\/i><\/a> <\/p>\n","protected":false},"author":93,"featured_media":0,"parent":0,"menu_order":0,"comment_status":"open","ping_status":"open","template":"","meta":{"_bbp_topic_count":0,"_bbp_reply_count":0,"_bbp_total_topic_count":0,"_bbp_total_reply_count":0,"_bbp_voice_count":0,"_bbp_anonymous_reply_count":0,"_bbp_topic_count_hidden":0,"_bbp_reply_count_hidden":0,"_bbp_forum_subforum_count":0,"jetpack_post_was_ever_published":false,"footnotes":""},"class_list":["post-503","page","type-page","status-publish","hentry"],"yoast_head":"<!-- This site is optimized with the Yoast SEO plugin v27.4 - https:\/\/yoast.com\/product\/yoast-seo-wordpress\/ -->\n<title>Pr\u00e9sentation du Lasco - Le Lasco<\/title>\n<meta name=\"robots\" content=\"index, follow, max-snippet:-1, max-image-preview:large, max-video-preview:-1\" \/>\n<link rel=\"canonical\" href=\"https:\/\/lasco.comu.ucl.ac.be\/wordpress\/?page_id=503\" \/>\n<meta property=\"og:locale\" content=\"fr_FR\" \/>\n<meta property=\"og:type\" content=\"article\" \/>\n<meta property=\"og:title\" content=\"Pr\u00e9sentation du Lasco - Le Lasco\" \/>\n<meta property=\"og:description\" content=\"I. Pr\u00e9sentation La communication d&rsquo;organisation a connu un tr\u00e8s grand d\u00e9veloppement scientifique et professionnel au cours des derni\u00e8res ann\u00e9es. N\u00e9 dans la poursuite &#8211; coh\u00e9rente -de travaux men\u00e9s au d\u00e9partement de communication dans le secteur des relations publiques (d\u00e8s 1961, via le CETEDI, Centre des techniques de diffusion et de\u2026 Lire la suite\" \/>\n<meta property=\"og:url\" content=\"https:\/\/lasco.comu.ucl.ac.be\/wordpress\/?page_id=503\" \/>\n<meta property=\"og:site_name\" content=\"Le Lasco\" \/>\n<meta property=\"article:modified_time\" content=\"2018-03-21T13:00:58+00:00\" \/>\n<meta name=\"twitter:label1\" content=\"Dur\u00e9e de lecture estim\u00e9e\" \/>\n\t<meta name=\"twitter:data1\" content=\"2 minutes\" \/>\n<script type=\"application\/ld+json\" class=\"yoast-schema-graph\">{\"@context\":\"https:\\\/\\\/schema.org\",\"@graph\":[{\"@type\":\"WebPage\",\"@id\":\"https:\\\/\\\/lasco.comu.ucl.ac.be\\\/wordpress\\\/?page_id=503\",\"url\":\"https:\\\/\\\/lasco.comu.ucl.ac.be\\\/wordpress\\\/?page_id=503\",\"name\":\"Pr\u00e9sentation du Lasco - Le Lasco\",\"isPartOf\":{\"@id\":\"https:\\\/\\\/lasco.comu.ucl.ac.be\\\/wordpress\\\/#website\"},\"datePublished\":\"2014-11-10T18:20:59+00:00\",\"dateModified\":\"2018-03-21T13:00:58+00:00\",\"breadcrumb\":{\"@id\":\"https:\\\/\\\/lasco.comu.ucl.ac.be\\\/wordpress\\\/?page_id=503#breadcrumb\"},\"inLanguage\":\"fr-FR\",\"potentialAction\":[{\"@type\":\"ReadAction\",\"target\":[\"https:\\\/\\\/lasco.comu.ucl.ac.be\\\/wordpress\\\/?page_id=503\"]}]},{\"@type\":\"BreadcrumbList\",\"@id\":\"https:\\\/\\\/lasco.comu.ucl.ac.be\\\/wordpress\\\/?page_id=503#breadcrumb\",\"itemListElement\":[{\"@type\":\"ListItem\",\"position\":1,\"name\":\"Accueil\",\"item\":\"https:\\\/\\\/lasco.comu.ucl.ac.be\\\/wordpress\"},{\"@type\":\"ListItem\",\"position\":2,\"name\":\"Pr\u00e9sentation du Lasco\"}]},{\"@type\":\"WebSite\",\"@id\":\"https:\\\/\\\/lasco.comu.ucl.ac.be\\\/wordpress\\\/#website\",\"url\":\"https:\\\/\\\/lasco.comu.ucl.ac.be\\\/wordpress\\\/\",\"name\":\"Le Lasco\",\"description\":\"Le Laboratoire d&#039;Analyse des Syst\u00e8mes de Communication des Organisations\",\"potentialAction\":[{\"@type\":\"SearchAction\",\"target\":{\"@type\":\"EntryPoint\",\"urlTemplate\":\"https:\\\/\\\/lasco.comu.ucl.ac.be\\\/wordpress\\\/?s={search_term_string}\"},\"query-input\":{\"@type\":\"PropertyValueSpecification\",\"valueRequired\":true,\"valueName\":\"search_term_string\"}}],\"inLanguage\":\"fr-FR\"}]}<\/script>\n<!-- \/ Yoast SEO plugin. -->","yoast_head_json":{"title":"Pr\u00e9sentation du Lasco - Le Lasco","robots":{"index":"index","follow":"follow","max-snippet":"max-snippet:-1","max-image-preview":"max-image-preview:large","max-video-preview":"max-video-preview:-1"},"canonical":"https:\/\/lasco.comu.ucl.ac.be\/wordpress\/?page_id=503","og_locale":"fr_FR","og_type":"article","og_title":"Pr\u00e9sentation du Lasco - Le Lasco","og_description":"I. Pr\u00e9sentation La communication d&rsquo;organisation a connu un tr\u00e8s grand d\u00e9veloppement scientifique et professionnel au cours des derni\u00e8res ann\u00e9es. N\u00e9 dans la poursuite &#8211; coh\u00e9rente -de travaux men\u00e9s au d\u00e9partement de communication dans le secteur des relations publiques (d\u00e8s 1961, via le CETEDI, Centre des techniques de diffusion et de\u2026 Lire la suite","og_url":"https:\/\/lasco.comu.ucl.ac.be\/wordpress\/?page_id=503","og_site_name":"Le Lasco","article_modified_time":"2018-03-21T13:00:58+00:00","twitter_misc":{"Dur\u00e9e de lecture estim\u00e9e":"2 minutes"},"schema":{"@context":"https:\/\/schema.org","@graph":[{"@type":"WebPage","@id":"https:\/\/lasco.comu.ucl.ac.be\/wordpress\/?page_id=503","url":"https:\/\/lasco.comu.ucl.ac.be\/wordpress\/?page_id=503","name":"Pr\u00e9sentation du Lasco - Le Lasco","isPartOf":{"@id":"https:\/\/lasco.comu.ucl.ac.be\/wordpress\/#website"},"datePublished":"2014-11-10T18:20:59+00:00","dateModified":"2018-03-21T13:00:58+00:00","breadcrumb":{"@id":"https:\/\/lasco.comu.ucl.ac.be\/wordpress\/?page_id=503#breadcrumb"},"inLanguage":"fr-FR","potentialAction":[{"@type":"ReadAction","target":["https:\/\/lasco.comu.ucl.ac.be\/wordpress\/?page_id=503"]}]},{"@type":"BreadcrumbList","@id":"https:\/\/lasco.comu.ucl.ac.be\/wordpress\/?page_id=503#breadcrumb","itemListElement":[{"@type":"ListItem","position":1,"name":"Accueil","item":"https:\/\/lasco.comu.ucl.ac.be\/wordpress"},{"@type":"ListItem","position":2,"name":"Pr\u00e9sentation du Lasco"}]},{"@type":"WebSite","@id":"https:\/\/lasco.comu.ucl.ac.be\/wordpress\/#website","url":"https:\/\/lasco.comu.ucl.ac.be\/wordpress\/","name":"Le Lasco","description":"Le Laboratoire d&#039;Analyse des Syst\u00e8mes de Communication des Organisations","potentialAction":[{"@type":"SearchAction","target":{"@type":"EntryPoint","urlTemplate":"https:\/\/lasco.comu.ucl.ac.be\/wordpress\/?s={search_term_string}"},"query-input":{"@type":"PropertyValueSpecification","valueRequired":true,"valueName":"search_term_string"}}],"inLanguage":"fr-FR"}]}},"jetpack_sharing_enabled":true,"jetpack_shortlink":"https:\/\/wp.me\/P5k9Pv-87","_links":{"self":[{"href":"https:\/\/lasco.comu.ucl.ac.be\/wordpress\/index.php?rest_route=\/wp\/v2\/pages\/503","targetHints":{"allow":["GET"]}}],"collection":[{"href":"https:\/\/lasco.comu.ucl.ac.be\/wordpress\/index.php?rest_route=\/wp\/v2\/pages"}],"about":[{"href":"https:\/\/lasco.comu.ucl.ac.be\/wordpress\/index.php?rest_route=\/wp\/v2\/types\/page"}],"author":[{"embeddable":true,"href":"https:\/\/lasco.comu.ucl.ac.be\/wordpress\/index.php?rest_route=\/wp\/v2\/users\/93"}],"replies":[{"embeddable":true,"href":"https:\/\/lasco.comu.ucl.ac.be\/wordpress\/index.php?rest_route=%2Fwp%2Fv2%2Fcomments&post=503"}],"version-history":[{"count":5,"href":"https:\/\/lasco.comu.ucl.ac.be\/wordpress\/index.php?rest_route=\/wp\/v2\/pages\/503\/revisions"}],"predecessor-version":[{"id":6973,"href":"https:\/\/lasco.comu.ucl.ac.be\/wordpress\/index.php?rest_route=\/wp\/v2\/pages\/503\/revisions\/6973"}],"wp:attachment":[{"href":"https:\/\/lasco.comu.ucl.ac.be\/wordpress\/index.php?rest_route=%2Fwp%2Fv2%2Fmedia&parent=503"}],"curies":[{"name":"wp","href":"https:\/\/api.w.org\/{rel}","templated":true}]}}