{"id":6593,"date":"2018-03-20T15:34:57","date_gmt":"2018-03-20T14:34:57","guid":{"rendered":"http:\/\/lasco.comu.ucl.ac.be\/wordpress\/?page_id=6593"},"modified":"2021-01-06T10:18:39","modified_gmt":"2021-01-06T09:18:39","slug":"dispositifs-de-communication-numerique-usages-communicationnels","status":"publish","type":"page","link":"https:\/\/lasco.comu.ucl.ac.be\/wordpress\/dispositifs-de-communication-numerique-usages-communicationnels\/","title":{"rendered":"Dispositifs de communication num\u00e9rique et usages communicationnels"},"content":{"rendered":"<p><span style=\"font-weight: 400;\">Cet axe ambitionne de saisir et comprendre comment les pratiques communicationnelles \u00e9voluent au regard du d\u00e9veloppement des dispositifs socionum\u00e9riques. Les dispositifs sont ici consid\u00e9r\u00e9s comme des actants des ph\u00e9nom\u00e8nes organisationnels, et sont donc approch\u00e9s en tant que tels mais aussi dans les relations qui \u00e9mergent avec les professionnels qui les utilisent. Cette dimension am\u00e8ne ainsi \u00e0 s\u2019int\u00e9resser \u00e9galement aux processus d\u2019appropriation, d\u2019ajustement et d\u2019adaptation aux dispositifs et aux pratiques communicationnelles qui \u00e9mergent. <\/span><\/p>\n<p><span style=\"text-decoration: underline;\"><span style=\"font-weight: 400;\">Recherche en cours :<\/span><\/span><\/p>\n<ul>\n<li style=\"font-weight: 400;\"><span style=\"font-weight: 400;\">Le r\u00f4le de l\u2019objet-fronti\u00e8re dans la constitution des pratiques collaboratives intra- et inter communaut\u00e9s (Tama Rchika)<\/span><\/li>\n<li style=\"font-weight: 400;\"><span style=\"font-weight: 400;\">Entre esth\u00e9tique et fonctionnalit\u00e9 : quel est le sens produit par les visualisations de donn\u00e9es? (Tiffany Andry)<\/span><\/li>\n<li style=\"font-weight: 400;\"><span style=\"font-weight: 400;\">Les usages des dispositifs de r\u00e9seaux socionum\u00e9riques par les acteurs politiques (Sandrine Roginsky)<\/span><\/li>\n<li style=\"font-weight: 400;\"><span style=\"font-weight: 400;\">Les formes d\u2019interd\u00e9pendances dans les communaut\u00e9s d\u2019innovations (Damien Renard)<\/span><\/li>\n<li style=\"font-weight: 400;\"><span style=\"font-weight: 400;\">Les usages des dispositifs ludiques dans le partage de donn\u00e9es (Damien Renard)<\/span><\/li>\n<li style=\"font-weight: 400;\"><span style=\"font-weight: 400;\">L\u2019analyse s\u00e9miotique du web (Andrea Catellani)<\/span><\/li>\n<\/ul>\n","protected":false},"excerpt":{"rendered":"<p>Cet axe ambitionne de saisir et comprendre comment les pratiques communicationnelles \u00e9voluent au regard du d\u00e9veloppement des dispositifs socionum\u00e9riques. Les dispositifs sont ici consid\u00e9r\u00e9s comme des actants des ph\u00e9nom\u00e8nes organisationnels, et sont donc approch\u00e9s en tant que tels mais aussi dans les relations qui \u00e9mergent avec les professionnels qui les\u2026<\/p>\n<p> <a class=\"continue-reading-link\" href=\"https:\/\/lasco.comu.ucl.ac.be\/wordpress\/dispositifs-de-communication-numerique-usages-communicationnels\/\"><span>Lire la suite<\/span><i class=\"crycon-right-dir\"><\/i><\/a> <\/p>\n","protected":false},"author":93,"featured_media":0,"parent":0,"menu_order":0,"comment_status":"closed","ping_status":"closed","template":"","meta":{"_bbp_topic_count":0,"_bbp_reply_count":0,"_bbp_total_topic_count":0,"_bbp_total_reply_count":0,"_bbp_voice_count":0,"_bbp_anonymous_reply_count":0,"_bbp_topic_count_hidden":0,"_bbp_reply_count_hidden":0,"_bbp_forum_subforum_count":0,"footnotes":""},"class_list":["post-6593","page","type-page","status-publish","hentry"],"yoast_head":"<!-- This site is optimized with the Yoast SEO plugin v27.5 - https:\/\/yoast.com\/product\/yoast-seo-wordpress\/ -->\n<title>Dispositifs de communication num\u00e9rique et usages communicationnels - Le Lasco<\/title>\n<meta name=\"robots\" content=\"index, follow, max-snippet:-1, max-image-preview:large, max-video-preview:-1\" \/>\n<link rel=\"canonical\" href=\"https:\/\/lasco.comu.ucl.ac.be\/wordpress\/dispositifs-de-communication-numerique-usages-communicationnels\/\" \/>\n<meta property=\"og:locale\" content=\"fr_FR\" \/>\n<meta property=\"og:type\" content=\"article\" \/>\n<meta property=\"og:title\" content=\"Dispositifs de communication num\u00e9rique et usages communicationnels - Le Lasco\" \/>\n<meta property=\"og:description\" content=\"Cet axe ambitionne de saisir et comprendre comment les pratiques communicationnelles \u00e9voluent au regard du d\u00e9veloppement des dispositifs socionum\u00e9riques. Les dispositifs sont ici consid\u00e9r\u00e9s comme des actants des ph\u00e9nom\u00e8nes organisationnels, et sont donc approch\u00e9s en tant que tels mais aussi dans les relations qui \u00e9mergent avec les professionnels qui les\u2026 Lire la suite\" \/>\n<meta property=\"og:url\" content=\"https:\/\/lasco.comu.ucl.ac.be\/wordpress\/dispositifs-de-communication-numerique-usages-communicationnels\/\" \/>\n<meta property=\"og:site_name\" content=\"Le Lasco\" \/>\n<meta property=\"article:modified_time\" content=\"2021-01-06T09:18:39+00:00\" \/>\n<meta name=\"twitter:label1\" content=\"Dur\u00e9e de lecture estim\u00e9e\" \/>\n\t<meta name=\"twitter:data1\" content=\"1 minute\" \/>\n<script type=\"application\/ld+json\" class=\"yoast-schema-graph\">{\"@context\":\"https:\\\/\\\/schema.org\",\"@graph\":[{\"@type\":\"WebPage\",\"@id\":\"https:\\\/\\\/lasco.comu.ucl.ac.be\\\/wordpress\\\/dispositifs-de-communication-numerique-usages-communicationnels\\\/\",\"url\":\"https:\\\/\\\/lasco.comu.ucl.ac.be\\\/wordpress\\\/dispositifs-de-communication-numerique-usages-communicationnels\\\/\",\"name\":\"Dispositifs de communication num\u00e9rique et usages communicationnels - Le Lasco\",\"isPartOf\":{\"@id\":\"https:\\\/\\\/lasco.comu.ucl.ac.be\\\/wordpress\\\/#website\"},\"datePublished\":\"2018-03-20T14:34:57+00:00\",\"dateModified\":\"2021-01-06T09:18:39+00:00\",\"breadcrumb\":{\"@id\":\"https:\\\/\\\/lasco.comu.ucl.ac.be\\\/wordpress\\\/dispositifs-de-communication-numerique-usages-communicationnels\\\/#breadcrumb\"},\"inLanguage\":\"fr-FR\",\"potentialAction\":[{\"@type\":\"ReadAction\",\"target\":[\"https:\\\/\\\/lasco.comu.ucl.ac.be\\\/wordpress\\\/dispositifs-de-communication-numerique-usages-communicationnels\\\/\"]}]},{\"@type\":\"BreadcrumbList\",\"@id\":\"https:\\\/\\\/lasco.comu.ucl.ac.be\\\/wordpress\\\/dispositifs-de-communication-numerique-usages-communicationnels\\\/#breadcrumb\",\"itemListElement\":[{\"@type\":\"ListItem\",\"position\":1,\"name\":\"Accueil\",\"item\":\"https:\\\/\\\/lasco.comu.ucl.ac.be\\\/wordpress\"},{\"@type\":\"ListItem\",\"position\":2,\"name\":\"Dispositifs de communication num\u00e9rique et usages communicationnels\"}]},{\"@type\":\"WebSite\",\"@id\":\"https:\\\/\\\/lasco.comu.ucl.ac.be\\\/wordpress\\\/#website\",\"url\":\"https:\\\/\\\/lasco.comu.ucl.ac.be\\\/wordpress\\\/\",\"name\":\"Le Lasco\",\"description\":\"Le Laboratoire d&#039;Analyse des Syst\u00e8mes de Communication des Organisations\",\"potentialAction\":[{\"@type\":\"SearchAction\",\"target\":{\"@type\":\"EntryPoint\",\"urlTemplate\":\"https:\\\/\\\/lasco.comu.ucl.ac.be\\\/wordpress\\\/?s={search_term_string}\"},\"query-input\":{\"@type\":\"PropertyValueSpecification\",\"valueRequired\":true,\"valueName\":\"search_term_string\"}}],\"inLanguage\":\"fr-FR\"}]}<\/script>\n<!-- \/ Yoast SEO plugin. -->","yoast_head_json":{"title":"Dispositifs de communication num\u00e9rique et usages communicationnels - Le Lasco","robots":{"index":"index","follow":"follow","max-snippet":"max-snippet:-1","max-image-preview":"max-image-preview:large","max-video-preview":"max-video-preview:-1"},"canonical":"https:\/\/lasco.comu.ucl.ac.be\/wordpress\/dispositifs-de-communication-numerique-usages-communicationnels\/","og_locale":"fr_FR","og_type":"article","og_title":"Dispositifs de communication num\u00e9rique et usages communicationnels - Le Lasco","og_description":"Cet axe ambitionne de saisir et comprendre comment les pratiques communicationnelles \u00e9voluent au regard du d\u00e9veloppement des dispositifs socionum\u00e9riques. Les dispositifs sont ici consid\u00e9r\u00e9s comme des actants des ph\u00e9nom\u00e8nes organisationnels, et sont donc approch\u00e9s en tant que tels mais aussi dans les relations qui \u00e9mergent avec les professionnels qui les\u2026 Lire la suite","og_url":"https:\/\/lasco.comu.ucl.ac.be\/wordpress\/dispositifs-de-communication-numerique-usages-communicationnels\/","og_site_name":"Le Lasco","article_modified_time":"2021-01-06T09:18:39+00:00","twitter_misc":{"Dur\u00e9e de lecture estim\u00e9e":"1 minute"},"schema":{"@context":"https:\/\/schema.org","@graph":[{"@type":"WebPage","@id":"https:\/\/lasco.comu.ucl.ac.be\/wordpress\/dispositifs-de-communication-numerique-usages-communicationnels\/","url":"https:\/\/lasco.comu.ucl.ac.be\/wordpress\/dispositifs-de-communication-numerique-usages-communicationnels\/","name":"Dispositifs de communication num\u00e9rique et usages communicationnels - Le Lasco","isPartOf":{"@id":"https:\/\/lasco.comu.ucl.ac.be\/wordpress\/#website"},"datePublished":"2018-03-20T14:34:57+00:00","dateModified":"2021-01-06T09:18:39+00:00","breadcrumb":{"@id":"https:\/\/lasco.comu.ucl.ac.be\/wordpress\/dispositifs-de-communication-numerique-usages-communicationnels\/#breadcrumb"},"inLanguage":"fr-FR","potentialAction":[{"@type":"ReadAction","target":["https:\/\/lasco.comu.ucl.ac.be\/wordpress\/dispositifs-de-communication-numerique-usages-communicationnels\/"]}]},{"@type":"BreadcrumbList","@id":"https:\/\/lasco.comu.ucl.ac.be\/wordpress\/dispositifs-de-communication-numerique-usages-communicationnels\/#breadcrumb","itemListElement":[{"@type":"ListItem","position":1,"name":"Accueil","item":"https:\/\/lasco.comu.ucl.ac.be\/wordpress"},{"@type":"ListItem","position":2,"name":"Dispositifs de communication num\u00e9rique et usages communicationnels"}]},{"@type":"WebSite","@id":"https:\/\/lasco.comu.ucl.ac.be\/wordpress\/#website","url":"https:\/\/lasco.comu.ucl.ac.be\/wordpress\/","name":"Le Lasco","description":"Le Laboratoire d&#039;Analyse des Syst\u00e8mes de Communication des Organisations","potentialAction":[{"@type":"SearchAction","target":{"@type":"EntryPoint","urlTemplate":"https:\/\/lasco.comu.ucl.ac.be\/wordpress\/?s={search_term_string}"},"query-input":{"@type":"PropertyValueSpecification","valueRequired":true,"valueName":"search_term_string"}}],"inLanguage":"fr-FR"}]}},"jetpack_sharing_enabled":true,"jetpack_shortlink":"https:\/\/wp.me\/P5k9Pv-1Il","_links":{"self":[{"href":"https:\/\/lasco.comu.ucl.ac.be\/wordpress\/wp-json\/wp\/v2\/pages\/6593","targetHints":{"allow":["GET"]}}],"collection":[{"href":"https:\/\/lasco.comu.ucl.ac.be\/wordpress\/wp-json\/wp\/v2\/pages"}],"about":[{"href":"https:\/\/lasco.comu.ucl.ac.be\/wordpress\/wp-json\/wp\/v2\/types\/page"}],"author":[{"embeddable":true,"href":"https:\/\/lasco.comu.ucl.ac.be\/wordpress\/wp-json\/wp\/v2\/users\/93"}],"replies":[{"embeddable":true,"href":"https:\/\/lasco.comu.ucl.ac.be\/wordpress\/wp-json\/wp\/v2\/comments?post=6593"}],"version-history":[{"count":2,"href":"https:\/\/lasco.comu.ucl.ac.be\/wordpress\/wp-json\/wp\/v2\/pages\/6593\/revisions"}],"predecessor-version":[{"id":11323,"href":"https:\/\/lasco.comu.ucl.ac.be\/wordpress\/wp-json\/wp\/v2\/pages\/6593\/revisions\/11323"}],"wp:attachment":[{"href":"https:\/\/lasco.comu.ucl.ac.be\/wordpress\/wp-json\/wp\/v2\/media?parent=6593"}],"curies":[{"name":"wp","href":"https:\/\/api.w.org\/{rel}","templated":true}]}}