{"id":6603,"date":"2018-03-20T15:32:49","date_gmt":"2018-03-20T14:32:49","guid":{"rendered":"http:\/\/lasco.comu.ucl.ac.be\/wordpress\/?page_id=6603"},"modified":"2021-01-06T10:28:15","modified_gmt":"2021-01-06T09:28:15","slug":"processus-collaboratifs-phenomenes-de-communication-hybride","status":"publish","type":"page","link":"https:\/\/lasco.comu.ucl.ac.be\/wordpress\/processus-collaboratifs-phenomenes-de-communication-hybride\/","title":{"rendered":"Processus collaboratifs et ph\u00e9nom\u00e8nes de communication hybride"},"content":{"rendered":"<p style=\"text-align: justify;\"><span style=\"font-weight: 400;\">Cet axe porte sur les processus de communication constituants l\u2019organisation approch\u00e9e comme un syst\u00e8me en perp\u00e9tuel mouvement. Plus pr\u00e9cis\u00e9ment, l\u2019axe ambitionne de saisir et comprendre (1) les ph\u00e9nom\u00e8nes d\u2019ouverture et de cl\u00f4ture du sens dans des processus de n\u00e9gociation organisationnelle; (2) les tensions de r\u00f4les et de discours dans les interactions entre acteurs de projets organisationnels. <\/span><\/p>\n<p style=\"text-align: justify;\"><span style=\"font-weight: 400;\"><span style=\"text-decoration: underline;\">Recherches en cours :<\/span> <\/span><\/p>\n<ul>\n<li style=\"font-weight: 400; text-align: justify;\"><span style=\"font-weight: 400;\">Etude longitudinale sur les processus d\u2019\u00e9mergence organisationnelle dans le cadre d\u2019un projet partenarial au service d\u2019entrepreneurs sociaux (Christel Christophe)<\/span><\/li>\n<li style=\"font-weight: 400; text-align: justify;\"><span style=\"font-weight: 400;\">Etude du processus de constitution des productions d\u2019une organisation participative: observation en filature du projet du Grand Huit, initiative du label Mons 2015 (Joanne Jojczyk) <\/span><\/li>\n<li style=\"font-weight: 400; text-align: justify;\"><span style=\"font-weight: 400;\">Technologies de l\u2019information et de la communication en organisation: analyse critique des usages par le prisme du pouvoir en contexte de modernisation (Christelle Sukadi)<\/span><\/li>\n<li style=\"font-weight: 400; text-align: justify;\"><span style=\"font-weight: 400;\">Modes d\u2019existence de la m\u00e9moire organisationnelle (Fran\u00e7ois Lambotte)<\/span><\/li>\n<li style=\"font-weight: 400; text-align: justify;\"><span style=\"font-weight: 400;\">Approcher la communication des organisations hybrides par les publics (Christel Christophe, Sandrine Roginsky) <\/span><\/li>\n<\/ul>\n","protected":false},"excerpt":{"rendered":"<p>Cet axe porte sur les processus de communication constituants l\u2019organisation approch\u00e9e comme un syst\u00e8me en perp\u00e9tuel mouvement. Plus pr\u00e9cis\u00e9ment, l\u2019axe ambitionne de saisir et comprendre (1) les ph\u00e9nom\u00e8nes d\u2019ouverture et de cl\u00f4ture du sens dans des processus de n\u00e9gociation organisationnelle; (2) les tensions de r\u00f4les et de discours dans les\u2026<\/p>\n<p> <a class=\"continue-reading-link\" href=\"https:\/\/lasco.comu.ucl.ac.be\/wordpress\/processus-collaboratifs-phenomenes-de-communication-hybride\/\"><span>Lire la suite<\/span><i class=\"crycon-right-dir\"><\/i><\/a> <\/p>\n","protected":false},"author":93,"featured_media":0,"parent":0,"menu_order":0,"comment_status":"closed","ping_status":"closed","template":"","meta":{"_bbp_topic_count":0,"_bbp_reply_count":0,"_bbp_total_topic_count":0,"_bbp_total_reply_count":0,"_bbp_voice_count":0,"_bbp_anonymous_reply_count":0,"_bbp_topic_count_hidden":0,"_bbp_reply_count_hidden":0,"_bbp_forum_subforum_count":0,"footnotes":""},"class_list":["post-6603","page","type-page","status-publish","hentry"],"yoast_head":"<!-- This site is optimized with the Yoast SEO plugin v27.5 - https:\/\/yoast.com\/product\/yoast-seo-wordpress\/ -->\n<title>Processus collaboratifs et ph\u00e9nom\u00e8nes de communication hybride - Le Lasco<\/title>\n<meta name=\"robots\" content=\"index, follow, max-snippet:-1, max-image-preview:large, max-video-preview:-1\" \/>\n<link rel=\"canonical\" href=\"https:\/\/lasco.comu.ucl.ac.be\/wordpress\/processus-collaboratifs-phenomenes-de-communication-hybride\/\" \/>\n<meta property=\"og:locale\" content=\"fr_FR\" \/>\n<meta property=\"og:type\" content=\"article\" \/>\n<meta property=\"og:title\" content=\"Processus collaboratifs et ph\u00e9nom\u00e8nes de communication hybride - Le Lasco\" \/>\n<meta property=\"og:description\" content=\"Cet axe porte sur les processus de communication constituants l\u2019organisation approch\u00e9e comme un syst\u00e8me en perp\u00e9tuel mouvement. Plus pr\u00e9cis\u00e9ment, l\u2019axe ambitionne de saisir et comprendre (1) les ph\u00e9nom\u00e8nes d\u2019ouverture et de cl\u00f4ture du sens dans des processus de n\u00e9gociation organisationnelle; (2) les tensions de r\u00f4les et de discours dans les\u2026 Lire la suite\" \/>\n<meta property=\"og:url\" content=\"https:\/\/lasco.comu.ucl.ac.be\/wordpress\/processus-collaboratifs-phenomenes-de-communication-hybride\/\" \/>\n<meta property=\"og:site_name\" content=\"Le Lasco\" \/>\n<meta property=\"article:modified_time\" content=\"2021-01-06T09:28:15+00:00\" \/>\n<meta name=\"twitter:label1\" content=\"Dur\u00e9e de lecture estim\u00e9e\" \/>\n\t<meta name=\"twitter:data1\" content=\"1 minute\" \/>\n<script type=\"application\/ld+json\" class=\"yoast-schema-graph\">{\"@context\":\"https:\\\/\\\/schema.org\",\"@graph\":[{\"@type\":\"WebPage\",\"@id\":\"https:\\\/\\\/lasco.comu.ucl.ac.be\\\/wordpress\\\/processus-collaboratifs-phenomenes-de-communication-hybride\\\/\",\"url\":\"https:\\\/\\\/lasco.comu.ucl.ac.be\\\/wordpress\\\/processus-collaboratifs-phenomenes-de-communication-hybride\\\/\",\"name\":\"Processus collaboratifs et ph\u00e9nom\u00e8nes de communication hybride - Le Lasco\",\"isPartOf\":{\"@id\":\"https:\\\/\\\/lasco.comu.ucl.ac.be\\\/wordpress\\\/#website\"},\"datePublished\":\"2018-03-20T14:32:49+00:00\",\"dateModified\":\"2021-01-06T09:28:15+00:00\",\"breadcrumb\":{\"@id\":\"https:\\\/\\\/lasco.comu.ucl.ac.be\\\/wordpress\\\/processus-collaboratifs-phenomenes-de-communication-hybride\\\/#breadcrumb\"},\"inLanguage\":\"fr-FR\",\"potentialAction\":[{\"@type\":\"ReadAction\",\"target\":[\"https:\\\/\\\/lasco.comu.ucl.ac.be\\\/wordpress\\\/processus-collaboratifs-phenomenes-de-communication-hybride\\\/\"]}]},{\"@type\":\"BreadcrumbList\",\"@id\":\"https:\\\/\\\/lasco.comu.ucl.ac.be\\\/wordpress\\\/processus-collaboratifs-phenomenes-de-communication-hybride\\\/#breadcrumb\",\"itemListElement\":[{\"@type\":\"ListItem\",\"position\":1,\"name\":\"Accueil\",\"item\":\"https:\\\/\\\/lasco.comu.ucl.ac.be\\\/wordpress\"},{\"@type\":\"ListItem\",\"position\":2,\"name\":\"Processus collaboratifs et ph\u00e9nom\u00e8nes de communication hybride\"}]},{\"@type\":\"WebSite\",\"@id\":\"https:\\\/\\\/lasco.comu.ucl.ac.be\\\/wordpress\\\/#website\",\"url\":\"https:\\\/\\\/lasco.comu.ucl.ac.be\\\/wordpress\\\/\",\"name\":\"Le Lasco\",\"description\":\"Le Laboratoire d&#039;Analyse des Syst\u00e8mes de Communication des Organisations\",\"potentialAction\":[{\"@type\":\"SearchAction\",\"target\":{\"@type\":\"EntryPoint\",\"urlTemplate\":\"https:\\\/\\\/lasco.comu.ucl.ac.be\\\/wordpress\\\/?s={search_term_string}\"},\"query-input\":{\"@type\":\"PropertyValueSpecification\",\"valueRequired\":true,\"valueName\":\"search_term_string\"}}],\"inLanguage\":\"fr-FR\"}]}<\/script>\n<!-- \/ Yoast SEO plugin. -->","yoast_head_json":{"title":"Processus collaboratifs et ph\u00e9nom\u00e8nes de communication hybride - Le Lasco","robots":{"index":"index","follow":"follow","max-snippet":"max-snippet:-1","max-image-preview":"max-image-preview:large","max-video-preview":"max-video-preview:-1"},"canonical":"https:\/\/lasco.comu.ucl.ac.be\/wordpress\/processus-collaboratifs-phenomenes-de-communication-hybride\/","og_locale":"fr_FR","og_type":"article","og_title":"Processus collaboratifs et ph\u00e9nom\u00e8nes de communication hybride - Le Lasco","og_description":"Cet axe porte sur les processus de communication constituants l\u2019organisation approch\u00e9e comme un syst\u00e8me en perp\u00e9tuel mouvement. Plus pr\u00e9cis\u00e9ment, l\u2019axe ambitionne de saisir et comprendre (1) les ph\u00e9nom\u00e8nes d\u2019ouverture et de cl\u00f4ture du sens dans des processus de n\u00e9gociation organisationnelle; (2) les tensions de r\u00f4les et de discours dans les\u2026 Lire la suite","og_url":"https:\/\/lasco.comu.ucl.ac.be\/wordpress\/processus-collaboratifs-phenomenes-de-communication-hybride\/","og_site_name":"Le Lasco","article_modified_time":"2021-01-06T09:28:15+00:00","twitter_misc":{"Dur\u00e9e de lecture estim\u00e9e":"1 minute"},"schema":{"@context":"https:\/\/schema.org","@graph":[{"@type":"WebPage","@id":"https:\/\/lasco.comu.ucl.ac.be\/wordpress\/processus-collaboratifs-phenomenes-de-communication-hybride\/","url":"https:\/\/lasco.comu.ucl.ac.be\/wordpress\/processus-collaboratifs-phenomenes-de-communication-hybride\/","name":"Processus collaboratifs et ph\u00e9nom\u00e8nes de communication hybride - Le Lasco","isPartOf":{"@id":"https:\/\/lasco.comu.ucl.ac.be\/wordpress\/#website"},"datePublished":"2018-03-20T14:32:49+00:00","dateModified":"2021-01-06T09:28:15+00:00","breadcrumb":{"@id":"https:\/\/lasco.comu.ucl.ac.be\/wordpress\/processus-collaboratifs-phenomenes-de-communication-hybride\/#breadcrumb"},"inLanguage":"fr-FR","potentialAction":[{"@type":"ReadAction","target":["https:\/\/lasco.comu.ucl.ac.be\/wordpress\/processus-collaboratifs-phenomenes-de-communication-hybride\/"]}]},{"@type":"BreadcrumbList","@id":"https:\/\/lasco.comu.ucl.ac.be\/wordpress\/processus-collaboratifs-phenomenes-de-communication-hybride\/#breadcrumb","itemListElement":[{"@type":"ListItem","position":1,"name":"Accueil","item":"https:\/\/lasco.comu.ucl.ac.be\/wordpress"},{"@type":"ListItem","position":2,"name":"Processus collaboratifs et ph\u00e9nom\u00e8nes de communication hybride"}]},{"@type":"WebSite","@id":"https:\/\/lasco.comu.ucl.ac.be\/wordpress\/#website","url":"https:\/\/lasco.comu.ucl.ac.be\/wordpress\/","name":"Le Lasco","description":"Le Laboratoire d&#039;Analyse des Syst\u00e8mes de Communication des Organisations","potentialAction":[{"@type":"SearchAction","target":{"@type":"EntryPoint","urlTemplate":"https:\/\/lasco.comu.ucl.ac.be\/wordpress\/?s={search_term_string}"},"query-input":{"@type":"PropertyValueSpecification","valueRequired":true,"valueName":"search_term_string"}}],"inLanguage":"fr-FR"}]}},"jetpack_sharing_enabled":true,"jetpack_shortlink":"https:\/\/wp.me\/P5k9Pv-1Iv","_links":{"self":[{"href":"https:\/\/lasco.comu.ucl.ac.be\/wordpress\/wp-json\/wp\/v2\/pages\/6603","targetHints":{"allow":["GET"]}}],"collection":[{"href":"https:\/\/lasco.comu.ucl.ac.be\/wordpress\/wp-json\/wp\/v2\/pages"}],"about":[{"href":"https:\/\/lasco.comu.ucl.ac.be\/wordpress\/wp-json\/wp\/v2\/types\/page"}],"author":[{"embeddable":true,"href":"https:\/\/lasco.comu.ucl.ac.be\/wordpress\/wp-json\/wp\/v2\/users\/93"}],"replies":[{"embeddable":true,"href":"https:\/\/lasco.comu.ucl.ac.be\/wordpress\/wp-json\/wp\/v2\/comments?post=6603"}],"version-history":[{"count":2,"href":"https:\/\/lasco.comu.ucl.ac.be\/wordpress\/wp-json\/wp\/v2\/pages\/6603\/revisions"}],"predecessor-version":[{"id":11413,"href":"https:\/\/lasco.comu.ucl.ac.be\/wordpress\/wp-json\/wp\/v2\/pages\/6603\/revisions\/11413"}],"wp:attachment":[{"href":"https:\/\/lasco.comu.ucl.ac.be\/wordpress\/wp-json\/wp\/v2\/media?parent=6603"}],"curies":[{"name":"wp","href":"https:\/\/api.w.org\/{rel}","templated":true}]}}