{"id":6663,"date":"2018-03-20T15:38:10","date_gmt":"2018-03-20T14:38:10","guid":{"rendered":"http:\/\/lasco.comu.ucl.ac.be\/wordpress\/?page_id=6663"},"modified":"2021-01-06T10:22:22","modified_gmt":"2021-01-06T09:22:22","slug":"enjeux-contemporains-de-communication","status":"publish","type":"page","link":"https:\/\/lasco.comu.ucl.ac.be\/wordpress\/enjeux-contemporains-de-communication\/","title":{"rendered":"Enjeux contemporains de la communication"},"content":{"rendered":"<p><span style=\"font-weight: 400;\">Cet axe ambitionne de saisir et comprendre les enjeux contemporains de la communication \u00e0 partir notamment de l\u2019analyse des tensions et paradoxes qu\u2019elle suscite. Pour ce faire, l\u2019attention est port\u00e9e en particulier sur les enjeux inh\u00e9rents \u00e0 la formulation et la mise en place de politiques de communication responsable. <\/span><\/p>\n<p><span style=\"font-weight: 400;\"><span style=\"text-decoration: underline;\">Recherches en cours :<\/span> <\/span><\/p>\n<ul>\n<li style=\"font-weight: 400;\"><span style=\"font-weight: 400;\">Les formes discursives des supports d\u00e9di\u00e9s \u00e0 la responsabilit\u00e9 sociale des entreprises (Andrea Catellani)<\/span><\/li>\n<li>Les images sur le changement climatique qui circulent dans les r\u00e9seaux sociaux num\u00e9riques (Yuliya Samofalova et Andrea Catellani)<\/li>\n<\/ul>\n","protected":false},"excerpt":{"rendered":"<p>Cet axe ambitionne de saisir et comprendre les enjeux contemporains de la communication \u00e0 partir notamment de l\u2019analyse des tensions et paradoxes qu\u2019elle suscite. Pour ce faire, l\u2019attention est port\u00e9e en particulier sur les enjeux inh\u00e9rents \u00e0 la formulation et la mise en place de politiques de communication responsable. Recherches\u2026<\/p>\n<p> <a class=\"continue-reading-link\" href=\"https:\/\/lasco.comu.ucl.ac.be\/wordpress\/enjeux-contemporains-de-communication\/\"><span>Lire la suite<\/span><i class=\"crycon-right-dir\"><\/i><\/a> <\/p>\n","protected":false},"author":93,"featured_media":0,"parent":0,"menu_order":0,"comment_status":"closed","ping_status":"closed","template":"","meta":{"_bbp_topic_count":0,"_bbp_reply_count":0,"_bbp_total_topic_count":0,"_bbp_total_reply_count":0,"_bbp_voice_count":0,"_bbp_anonymous_reply_count":0,"_bbp_topic_count_hidden":0,"_bbp_reply_count_hidden":0,"_bbp_forum_subforum_count":0,"footnotes":""},"class_list":["post-6663","page","type-page","status-publish","hentry"],"yoast_head":"<!-- This site is optimized with the Yoast SEO plugin v27.5 - https:\/\/yoast.com\/product\/yoast-seo-wordpress\/ -->\n<title>Enjeux contemporains de la communication - Le Lasco<\/title>\n<meta name=\"robots\" content=\"index, follow, max-snippet:-1, max-image-preview:large, max-video-preview:-1\" \/>\n<link rel=\"canonical\" href=\"https:\/\/lasco.comu.ucl.ac.be\/wordpress\/enjeux-contemporains-de-communication\/\" \/>\n<meta property=\"og:locale\" content=\"fr_FR\" \/>\n<meta property=\"og:type\" content=\"article\" \/>\n<meta property=\"og:title\" content=\"Enjeux contemporains de la communication - Le Lasco\" \/>\n<meta property=\"og:description\" content=\"Cet axe ambitionne de saisir et comprendre les enjeux contemporains de la communication \u00e0 partir notamment de l\u2019analyse des tensions et paradoxes qu\u2019elle suscite. Pour ce faire, l\u2019attention est port\u00e9e en particulier sur les enjeux inh\u00e9rents \u00e0 la formulation et la mise en place de politiques de communication responsable. Recherches\u2026 Lire la suite\" \/>\n<meta property=\"og:url\" content=\"https:\/\/lasco.comu.ucl.ac.be\/wordpress\/enjeux-contemporains-de-communication\/\" \/>\n<meta property=\"og:site_name\" content=\"Le Lasco\" \/>\n<meta property=\"article:modified_time\" content=\"2021-01-06T09:22:22+00:00\" \/>\n<script type=\"application\/ld+json\" class=\"yoast-schema-graph\">{\"@context\":\"https:\\\/\\\/schema.org\",\"@graph\":[{\"@type\":\"WebPage\",\"@id\":\"https:\\\/\\\/lasco.comu.ucl.ac.be\\\/wordpress\\\/enjeux-contemporains-de-communication\\\/\",\"url\":\"https:\\\/\\\/lasco.comu.ucl.ac.be\\\/wordpress\\\/enjeux-contemporains-de-communication\\\/\",\"name\":\"Enjeux contemporains de la communication - Le Lasco\",\"isPartOf\":{\"@id\":\"https:\\\/\\\/lasco.comu.ucl.ac.be\\\/wordpress\\\/#website\"},\"datePublished\":\"2018-03-20T14:38:10+00:00\",\"dateModified\":\"2021-01-06T09:22:22+00:00\",\"breadcrumb\":{\"@id\":\"https:\\\/\\\/lasco.comu.ucl.ac.be\\\/wordpress\\\/enjeux-contemporains-de-communication\\\/#breadcrumb\"},\"inLanguage\":\"fr-FR\",\"potentialAction\":[{\"@type\":\"ReadAction\",\"target\":[\"https:\\\/\\\/lasco.comu.ucl.ac.be\\\/wordpress\\\/enjeux-contemporains-de-communication\\\/\"]}]},{\"@type\":\"BreadcrumbList\",\"@id\":\"https:\\\/\\\/lasco.comu.ucl.ac.be\\\/wordpress\\\/enjeux-contemporains-de-communication\\\/#breadcrumb\",\"itemListElement\":[{\"@type\":\"ListItem\",\"position\":1,\"name\":\"Accueil\",\"item\":\"https:\\\/\\\/lasco.comu.ucl.ac.be\\\/wordpress\"},{\"@type\":\"ListItem\",\"position\":2,\"name\":\"Enjeux contemporains de la communication\"}]},{\"@type\":\"WebSite\",\"@id\":\"https:\\\/\\\/lasco.comu.ucl.ac.be\\\/wordpress\\\/#website\",\"url\":\"https:\\\/\\\/lasco.comu.ucl.ac.be\\\/wordpress\\\/\",\"name\":\"Le Lasco\",\"description\":\"Le Laboratoire d&#039;Analyse des Syst\u00e8mes de Communication des Organisations\",\"potentialAction\":[{\"@type\":\"SearchAction\",\"target\":{\"@type\":\"EntryPoint\",\"urlTemplate\":\"https:\\\/\\\/lasco.comu.ucl.ac.be\\\/wordpress\\\/?s={search_term_string}\"},\"query-input\":{\"@type\":\"PropertyValueSpecification\",\"valueRequired\":true,\"valueName\":\"search_term_string\"}}],\"inLanguage\":\"fr-FR\"}]}<\/script>\n<!-- \/ Yoast SEO plugin. -->","yoast_head_json":{"title":"Enjeux contemporains de la communication - Le Lasco","robots":{"index":"index","follow":"follow","max-snippet":"max-snippet:-1","max-image-preview":"max-image-preview:large","max-video-preview":"max-video-preview:-1"},"canonical":"https:\/\/lasco.comu.ucl.ac.be\/wordpress\/enjeux-contemporains-de-communication\/","og_locale":"fr_FR","og_type":"article","og_title":"Enjeux contemporains de la communication - Le Lasco","og_description":"Cet axe ambitionne de saisir et comprendre les enjeux contemporains de la communication \u00e0 partir notamment de l\u2019analyse des tensions et paradoxes qu\u2019elle suscite. Pour ce faire, l\u2019attention est port\u00e9e en particulier sur les enjeux inh\u00e9rents \u00e0 la formulation et la mise en place de politiques de communication responsable. Recherches\u2026 Lire la suite","og_url":"https:\/\/lasco.comu.ucl.ac.be\/wordpress\/enjeux-contemporains-de-communication\/","og_site_name":"Le Lasco","article_modified_time":"2021-01-06T09:22:22+00:00","schema":{"@context":"https:\/\/schema.org","@graph":[{"@type":"WebPage","@id":"https:\/\/lasco.comu.ucl.ac.be\/wordpress\/enjeux-contemporains-de-communication\/","url":"https:\/\/lasco.comu.ucl.ac.be\/wordpress\/enjeux-contemporains-de-communication\/","name":"Enjeux contemporains de la communication - Le Lasco","isPartOf":{"@id":"https:\/\/lasco.comu.ucl.ac.be\/wordpress\/#website"},"datePublished":"2018-03-20T14:38:10+00:00","dateModified":"2021-01-06T09:22:22+00:00","breadcrumb":{"@id":"https:\/\/lasco.comu.ucl.ac.be\/wordpress\/enjeux-contemporains-de-communication\/#breadcrumb"},"inLanguage":"fr-FR","potentialAction":[{"@type":"ReadAction","target":["https:\/\/lasco.comu.ucl.ac.be\/wordpress\/enjeux-contemporains-de-communication\/"]}]},{"@type":"BreadcrumbList","@id":"https:\/\/lasco.comu.ucl.ac.be\/wordpress\/enjeux-contemporains-de-communication\/#breadcrumb","itemListElement":[{"@type":"ListItem","position":1,"name":"Accueil","item":"https:\/\/lasco.comu.ucl.ac.be\/wordpress"},{"@type":"ListItem","position":2,"name":"Enjeux contemporains de la communication"}]},{"@type":"WebSite","@id":"https:\/\/lasco.comu.ucl.ac.be\/wordpress\/#website","url":"https:\/\/lasco.comu.ucl.ac.be\/wordpress\/","name":"Le Lasco","description":"Le Laboratoire d&#039;Analyse des Syst\u00e8mes de Communication des Organisations","potentialAction":[{"@type":"SearchAction","target":{"@type":"EntryPoint","urlTemplate":"https:\/\/lasco.comu.ucl.ac.be\/wordpress\/?s={search_term_string}"},"query-input":{"@type":"PropertyValueSpecification","valueRequired":true,"valueName":"search_term_string"}}],"inLanguage":"fr-FR"}]}},"jetpack_sharing_enabled":true,"jetpack_shortlink":"https:\/\/wp.me\/P5k9Pv-1Jt","_links":{"self":[{"href":"https:\/\/lasco.comu.ucl.ac.be\/wordpress\/wp-json\/wp\/v2\/pages\/6663","targetHints":{"allow":["GET"]}}],"collection":[{"href":"https:\/\/lasco.comu.ucl.ac.be\/wordpress\/wp-json\/wp\/v2\/pages"}],"about":[{"href":"https:\/\/lasco.comu.ucl.ac.be\/wordpress\/wp-json\/wp\/v2\/types\/page"}],"author":[{"embeddable":true,"href":"https:\/\/lasco.comu.ucl.ac.be\/wordpress\/wp-json\/wp\/v2\/users\/93"}],"replies":[{"embeddable":true,"href":"https:\/\/lasco.comu.ucl.ac.be\/wordpress\/wp-json\/wp\/v2\/comments?post=6663"}],"version-history":[{"count":2,"href":"https:\/\/lasco.comu.ucl.ac.be\/wordpress\/wp-json\/wp\/v2\/pages\/6663\/revisions"}],"predecessor-version":[{"id":11353,"href":"https:\/\/lasco.comu.ucl.ac.be\/wordpress\/wp-json\/wp\/v2\/pages\/6663\/revisions\/11353"}],"wp:attachment":[{"href":"https:\/\/lasco.comu.ucl.ac.be\/wordpress\/wp-json\/wp\/v2\/media?parent=6663"}],"curies":[{"name":"wp","href":"https:\/\/api.w.org\/{rel}","templated":true}]}}