{"id":6853,"date":"2018-03-20T16:09:06","date_gmt":"2018-03-20T15:09:06","guid":{"rendered":"http:\/\/lasco.comu.ucl.ac.be\/wordpress\/?page_id=6853"},"modified":"2021-01-06T10:35:56","modified_gmt":"2021-01-06T09:35:56","slug":"projets","status":"publish","type":"page","link":"https:\/\/lasco.comu.ucl.ac.be\/wordpress\/projets\/","title":{"rendered":"Projets de recherche"},"content":{"rendered":"<h3><\/h3>\n<h3 style=\"text-align: justify;\"><b>1\/ Economie collaborative et communaut\u00e9 d\u2019innovations<\/b><\/h3>\n<p style=\"text-align: justify;\"><b>R\u00e9sum\u00e9 : <\/b><span style=\"font-weight: 400;\">L\u2019\u00e9conomie collaborative est un concept largement m\u00e9diatis\u00e9, qui a investi les diff\u00e9rentes sph\u00e8res de nos soci\u00e9t\u00e9s, que ce soit celles de la consommation, de la production, du financement ou de la connaissance. L\u2019univers de l\u2019entreprenariat, comme beaucoup d\u2019autres, est impact\u00e9 par ces nouveaux mod\u00e8les \u00e9conomiques. De l\u2019id\u00e9e \u00e0 la cr\u00e9ation d\u2019une entreprise innovante, il appara\u00eet que la mise en r\u00e9seau peut acc\u00e9l\u00e9rer le d\u00e9veloppement du projet et en permettre sa r\u00e9alisation. Dans le cadre ce projet, nous nous centrons sur les \u00e9tapes d\u2019id\u00e9ation et de d\u00e9veloppement qui ont \u00e9t\u00e9, \u00e0 notre connaissance, peu \u00e9tudi\u00e9es du point de vue de la collaboration. Nous nous int\u00e9ressons plus particuli\u00e8rement au r\u00e9seau des entrepreneurs bruxellois et aux dispositifs susceptibles de stimuler l\u2019intelligence collective au sein de ce r\u00e9seau. Un des enjeux r\u00e9side dans la capacit\u00e9 des organisations \u00e0 construire des dispositifs qui puissent favoriser la collaboration des acteurs. Il y a de fait une v\u00e9ritable r\u00e9flexion \u00e0 mener sur les m\u00e9canismes sous-jacents pouvant favoriser les pratiques collaboratives et le d\u00e9veloppement d\u2019une intelligence distribu\u00e9e et universelle, qui proviendrait de d\u2019une collaboration entre les parties prenantes aux modalit\u00e9s variables en fonction du contexte et du moment auquel on se situe dans le processus de cr\u00e9ation d\u2019une entreprise.ette recherche, men\u00e9e en partenariat avec Impulse Brussels et l\u2019Universit\u00e9 Libre de Bruxelles a pour objectif :<\/span><\/p>\n<ol style=\"text-align: justify;\">\n<li style=\"font-weight: 400;\"><span style=\"font-weight: 400;\">Analyser les usages et les pratiques dans les r\u00e9seaux collaboratifs num\u00e9riques ayant pour objet le partage de connaissance (communaut\u00e9 d\u2019innovations)<\/span><\/li>\n<li style=\"font-weight: 400;\"><span style=\"font-weight: 400;\">Cartographier le r\u00e9seau des entrepreneurs bruxellois et comprendre les pratiques et les enjeux de la collaboration au sein de ce r\u00e9seau<\/span><\/li>\n<li style=\"font-weight: 400;\"><span style=\"font-weight: 400;\">Exp\u00e9rimenter des dispositifs socio-num\u00e9riques sur les pratiques collaboratives et analyser leur incidence sur le processus de g\u00e9n\u00e9ration de valeur<\/span><\/li>\n<\/ol>\n<p style=\"text-align: justify;\"><b>Financement : <\/b><span style=\"font-weight: 400;\">Innoviris \u2013 R\u00e9gion Bruxelles-Capitale<\/span><\/p>\n<p style=\"text-align: justify;\"><b>Plus d\u2019informations : <\/b><a href=\"http:\/\/www.socialmedialab.be\/lequipee\/epraco\/\"><span style=\"font-weight: 400;\">http:\/\/www.socialmedialab.be\/lequipee\/epraco\/<\/span><\/a><\/p>\n<h3 style=\"text-align: justify;\"><b>2\/ L\u2019intelligibilit\u00e9 des donn\u00e9es<\/b><\/h3>\n<p style=\"text-align: justify;\"><b>R\u00e9sum\u00e9 : <\/b><b>L<\/b><span style=\"font-weight: 400;\">es interactions sur des plate-formes et avec des outils multiples sont g\u00e9n\u00e9ratrices d\u2019un contenu massif (big data) et h\u00e9t\u00e9rog\u00e8ne, de nature (texte, image, son, etc.) et de sources diff\u00e9rentes. G\u00e9rer et animer ces interactions multiples est complexe car il faut jongler avec ces contenus qui sont soit trop volumineux pour en faire sens, soit trop h\u00e9t\u00e9rog\u00e8nes pour pouvoir g\u00e9n\u00e9rer des informations utiles \u00e0 l\u2019interaction. Produire et int\u00e9grer des contenus multiplateformes est co\u00fbteux pour l\u2019organisation et il est difficile de mesurer le retour sur investissement. M\u00eame si bon nombre d\u2019outils permettent de mesurer l\u2019existence ou non d\u2019une transaction (achat ou \u00e9change d\u2019information), ces outils professionnels ne permettent pas de mesurer, par exemple, la cr\u00e9ation d\u2019une relation ou la cr\u00e9ation d\u2019une communaut\u00e9 et la nature de celles-ci. Du c\u00f4t\u00e9 des utilisateurs se pose la question du droit de savoir et de comprendre ce qui est g\u00e9n\u00e9r\u00e9 dans l\u2019interaction. Les besoins d\u2019intelligibilit\u00e9 sur la nature des relations et des contenus (\u2018big data\u2019) g\u00e9n\u00e9r\u00e9s dans l&rsquo;utilisation des m\u00e9dias sociaux sont pourtant indispensables. Les traitements algorithmiques (\u2018data \u00a0mining\u2019, lexicom\u00e9tries) sont possibles, tout autant que la cr\u00e9ation d\u2019un outil. Dans ce projet, l\u2019attention sera port\u00e9e sur le cycle court de la production de contenu: donn\u00e9es g\u00e9n\u00e9r\u00e9es dans l\u2019interaction \u2192 extraction \u2192 traitement algorithmique \u2192 mise en visibilit\u00e9 ou intelligibilit\u00e9 gr\u00e2ce \u00e0 une interface \u2192 r\u00e9injection dans l\u2019interaction transform\u00e9e (voir sch\u00e9ma ci-dessous). L\u2019objectif est donc ici de rendre intelligibles, via la cr\u00e9ation de briques technologiques, les mod\u00e8les de traitement des donn\u00e9es \u2013 lexicom\u00e9trie, eyetracking, social graphs \u2013 pour permettre leur utilisation et appropriation par les usagers notamment en identifiant les comp\u00e9tences n\u00e9cessaires pour leur donner sens. Il s\u2019agit \u00e9galement de mettre en place des outils pour suivre le cheminement des donn\u00e9es trait\u00e9es pour mieux comprendre leur devenir et leur r\u00e9int\u00e9gration dans les processus d\u2019interactions. Ainsi ce projet d\u00e9veloppera un outil de profiling d\u2019utilisation (qui produit quoi et comment ?) des m\u00e9dias socio-num\u00e9riques \u00e0 destination des utilisateurs. Ces technologies ont une grande utilit\u00e9 dans le domaine du \u2018media planning \u00bb et de la gestion des connaissances.<\/span><\/p>\n<p style=\"text-align: justify;\"><b>Financement : <\/b><span style=\"font-weight: 400;\">Projet FEDER <\/span><span style=\"font-weight: 400;\">\u2013 <\/span><span style=\"font-weight: 400;\">Wallonie<\/span><\/p>\n<p style=\"text-align: justify;\"><b>Plus d\u2019informations :<\/b> <a href=\"http:\/\/www.socialmedialab.be\/projets\/profiling-dutilisation\/\"><span style=\"font-weight: 400;\">http:\/\/www.socialmedialab.be\/projets\/profiling-dutilisation\/<\/span><\/a><\/p>\n<h3 style=\"text-align: justify;\"><b>3\/ Usages, Appropriations &amp; Pratiques de communication<\/b><\/h3>\n<p style=\"text-align: justify;\"><b>R\u00e9sum\u00e9 : <\/b><span style=\"font-weight: 400;\">Parler des usages des r\u00e9seaux sociaux plut\u00f4t que de leur utilisation n\u2019est pas fortuit. Cela permet \u00ab d\u2019insister sur le fait que le rapport des personnes avec les outils techniques ne peut \u00eatre r\u00e9duit \u00e0 la mise en oeuvre des fonctions pr\u00e9vues par les concepteurs \u00bb (Cardon, 2005) et mettre l\u2019accent sur la notion d\u2019appropriation des technologies. Ce projet de recherche s\u2019int\u00e9resse aux usages qui d\u2019une part d\u00e9rivent des dispositifs socionum\u00e9riques mais qui d\u2019autre part transforment ces dispositifs (Akrich, 1990, 1998 ; Chambat, 1994 ; Jou\u00ebt, 1993, 2000 ; Proulx, 2005). Pour \u00e9valuer les usages, il est indispensable d\u2019effectuer un retour sur les acteurs, ce qui rend cette approche originale en ce sens qu\u2019habituellement le regard port\u00e9 sur les \u00e9ventuelles transformations se centre sur les outils. Nous inversons la focale en observant les r\u00e9actions d\u2019adaptations et d\u2019ajustements aux m\u00e9dias socionum\u00e9riques par un retour sur les logiques des acteurs et le quotidien de leurs pratiques de travail. A ce titre, il s\u2019agit de comprendre ce que les individus font des outils, ce qu\u2019ils font aux outils et ce que les outils font aux individus, et ce dans un cadre professionnel.<\/span><\/p>\n<p style=\"text-align: justify;\"><b>Financement : <\/b><span style=\"font-weight: 400;\">Projet FSR <\/span><span style=\"font-weight: 400;\">\u2013 Universit\u00e9 Catholique de Louvain<\/span><\/p>\n<p style=\"text-align: justify;\"><b>Plus d\u2019informations <\/b><span style=\"font-weight: 400;\">: <\/span><a href=\"http:\/\/www.socialmedialab.be\/projets\/profiling-dutilisation\/\"><span style=\"font-weight: 400;\">http:\/\/www.socialmedialab.be\/projets\/profiling-dutilisation\/<\/span><\/a><\/p>\n<h3><b>4\/ Overcoming Obstacles and Disincentives to Climate Change Mitigation: A cross-cutting approach by human and social sciences<br \/>\n<\/b><\/h3>\n<p><strong>R\u00e9sum\u00e9<\/strong> : Climate change today is undoubtedly a challenge for humanity. The Special IPCC 1,5 \u00b0C report highlighted the numerous dramatic consequences of climate change; yet, the response of our societies has been slow, contradictory and elusive. Climate change and its consequences are particularly embedded in culture, making it difficult for individuals and societies to manage these phenomena cognitively (Fl\u00f8ttum, 2018: 21): \u00ab\u00a0[it] moved from being a predominantly physical phenomenon to being simultaneously a political, social, and cultural phenomenon -and thus, a communication challenge\u00a0\u00bb. The humanities and social sciences are called on to make a crucial contribution to the understanding of how humans approach and make sense of climate change, in order to reduce the value-action gap, using innovative forms of communication to identify entry-points for climate action.This research project has the transformative aim to improve the scientific understanding of why societies remain indifferent to the risks of climate change, and to understand how multimodal devices and recommendations can convert apathy into action. We will look into the active and essential role of language, narrative, and discourses in shaping citizens\u2019 beliefs and actions, through the interdisciplinary and transdisciplinary collaboration between linguistics, semiotics, law and governance, anthropology and social psychological approaches. The project will develop a practical tool in the form of an open-source toolbox platform, providing recommendations, prototypes and resources to citizens, public decision-takers and non-governmental organisations on climate change communication strategies. The project will focus on Belgium, France, and Norway. The toolbox will be tested notably in the course of the deployment of \u201cOpt4Climate\u201d, a campaign led in Belgium by the major actors of the climate social movements, with the support of the King Baudouin Foundation. Through analyses of survey discourse and answers, and of social media data, the aim of the project is to contribute, through transformational learning, to an innovative understanding of Europeans\u2019 individual and collective values, beliefs, and interests as regards obstacles versus opportunities to reducing greenhouse gas (GHG) emissions and thus to climate change mitigation.<\/p>\n<p><strong>Financement<\/strong> : JPI Climate<\/p>\n<p><strong>Plus d&rsquo;informations<\/strong> : <a href=\"http:\/\/www.jpi-climate.eu\/media\/default.aspx\/emma\/org\/10901492\/brochure.pdf\">http:\/\/www.jpi-climate.eu\/media\/default.aspx\/emma\/org\/10901492\/brochure.pdf<\/a>, page 6<\/p>\n","protected":false},"excerpt":{"rendered":"<p>1\/ Economie collaborative et communaut\u00e9 d\u2019innovations R\u00e9sum\u00e9 : L\u2019\u00e9conomie collaborative est un concept largement m\u00e9diatis\u00e9, qui a investi les diff\u00e9rentes sph\u00e8res de nos soci\u00e9t\u00e9s, que ce soit celles de la consommation, de la production, du financement ou de la connaissance. L\u2019univers de l\u2019entreprenariat, comme beaucoup d\u2019autres, est impact\u00e9 par ces\u2026<\/p>\n<p> <a class=\"continue-reading-link\" href=\"https:\/\/lasco.comu.ucl.ac.be\/wordpress\/projets\/\"><span>Lire la suite<\/span><i class=\"crycon-right-dir\"><\/i><\/a> <\/p>\n","protected":false},"author":93,"featured_media":0,"parent":0,"menu_order":0,"comment_status":"closed","ping_status":"closed","template":"","meta":{"_bbp_topic_count":0,"_bbp_reply_count":0,"_bbp_total_topic_count":0,"_bbp_total_reply_count":0,"_bbp_voice_count":0,"_bbp_anonymous_reply_count":0,"_bbp_topic_count_hidden":0,"_bbp_reply_count_hidden":0,"_bbp_forum_subforum_count":0,"footnotes":""},"class_list":["post-6853","page","type-page","status-publish","hentry"],"yoast_head":"<!-- This site is optimized with the Yoast SEO plugin v27.5 - https:\/\/yoast.com\/product\/yoast-seo-wordpress\/ -->\n<title>Projets de recherche - Le Lasco<\/title>\n<meta name=\"robots\" content=\"index, follow, max-snippet:-1, max-image-preview:large, max-video-preview:-1\" \/>\n<link rel=\"canonical\" href=\"https:\/\/lasco.comu.ucl.ac.be\/wordpress\/projets\/\" \/>\n<meta property=\"og:locale\" content=\"fr_FR\" \/>\n<meta property=\"og:type\" content=\"article\" \/>\n<meta property=\"og:title\" content=\"Projets de recherche - Le Lasco\" \/>\n<meta property=\"og:description\" content=\"1\/ Economie collaborative et communaut\u00e9 d\u2019innovations R\u00e9sum\u00e9 : L\u2019\u00e9conomie collaborative est un concept largement m\u00e9diatis\u00e9, qui a investi les diff\u00e9rentes sph\u00e8res de nos soci\u00e9t\u00e9s, que ce soit celles de la consommation, de la production, du financement ou de la connaissance. L\u2019univers de l\u2019entreprenariat, comme beaucoup d\u2019autres, est impact\u00e9 par ces\u2026 Lire la suite\" \/>\n<meta property=\"og:url\" content=\"https:\/\/lasco.comu.ucl.ac.be\/wordpress\/projets\/\" \/>\n<meta property=\"og:site_name\" content=\"Le Lasco\" \/>\n<meta property=\"article:modified_time\" content=\"2021-01-06T09:35:56+00:00\" \/>\n<meta name=\"twitter:label1\" content=\"Dur\u00e9e de lecture estim\u00e9e\" \/>\n\t<meta name=\"twitter:data1\" content=\"7 minutes\" \/>\n<script type=\"application\/ld+json\" class=\"yoast-schema-graph\">{\"@context\":\"https:\\\/\\\/schema.org\",\"@graph\":[{\"@type\":\"WebPage\",\"@id\":\"https:\\\/\\\/lasco.comu.ucl.ac.be\\\/wordpress\\\/projets\\\/\",\"url\":\"https:\\\/\\\/lasco.comu.ucl.ac.be\\\/wordpress\\\/projets\\\/\",\"name\":\"Projets de recherche - Le Lasco\",\"isPartOf\":{\"@id\":\"https:\\\/\\\/lasco.comu.ucl.ac.be\\\/wordpress\\\/#website\"},\"datePublished\":\"2018-03-20T15:09:06+00:00\",\"dateModified\":\"2021-01-06T09:35:56+00:00\",\"breadcrumb\":{\"@id\":\"https:\\\/\\\/lasco.comu.ucl.ac.be\\\/wordpress\\\/projets\\\/#breadcrumb\"},\"inLanguage\":\"fr-FR\",\"potentialAction\":[{\"@type\":\"ReadAction\",\"target\":[\"https:\\\/\\\/lasco.comu.ucl.ac.be\\\/wordpress\\\/projets\\\/\"]}]},{\"@type\":\"BreadcrumbList\",\"@id\":\"https:\\\/\\\/lasco.comu.ucl.ac.be\\\/wordpress\\\/projets\\\/#breadcrumb\",\"itemListElement\":[{\"@type\":\"ListItem\",\"position\":1,\"name\":\"Accueil\",\"item\":\"https:\\\/\\\/lasco.comu.ucl.ac.be\\\/wordpress\"},{\"@type\":\"ListItem\",\"position\":2,\"name\":\"Projets de recherche\"}]},{\"@type\":\"WebSite\",\"@id\":\"https:\\\/\\\/lasco.comu.ucl.ac.be\\\/wordpress\\\/#website\",\"url\":\"https:\\\/\\\/lasco.comu.ucl.ac.be\\\/wordpress\\\/\",\"name\":\"Le Lasco\",\"description\":\"Le Laboratoire d&#039;Analyse des Syst\u00e8mes de Communication des Organisations\",\"potentialAction\":[{\"@type\":\"SearchAction\",\"target\":{\"@type\":\"EntryPoint\",\"urlTemplate\":\"https:\\\/\\\/lasco.comu.ucl.ac.be\\\/wordpress\\\/?s={search_term_string}\"},\"query-input\":{\"@type\":\"PropertyValueSpecification\",\"valueRequired\":true,\"valueName\":\"search_term_string\"}}],\"inLanguage\":\"fr-FR\"}]}<\/script>\n<!-- \/ Yoast SEO plugin. -->","yoast_head_json":{"title":"Projets de recherche - Le Lasco","robots":{"index":"index","follow":"follow","max-snippet":"max-snippet:-1","max-image-preview":"max-image-preview:large","max-video-preview":"max-video-preview:-1"},"canonical":"https:\/\/lasco.comu.ucl.ac.be\/wordpress\/projets\/","og_locale":"fr_FR","og_type":"article","og_title":"Projets de recherche - Le Lasco","og_description":"1\/ Economie collaborative et communaut\u00e9 d\u2019innovations R\u00e9sum\u00e9 : L\u2019\u00e9conomie collaborative est un concept largement m\u00e9diatis\u00e9, qui a investi les diff\u00e9rentes sph\u00e8res de nos soci\u00e9t\u00e9s, que ce soit celles de la consommation, de la production, du financement ou de la connaissance. L\u2019univers de l\u2019entreprenariat, comme beaucoup d\u2019autres, est impact\u00e9 par ces\u2026 Lire la suite","og_url":"https:\/\/lasco.comu.ucl.ac.be\/wordpress\/projets\/","og_site_name":"Le Lasco","article_modified_time":"2021-01-06T09:35:56+00:00","twitter_misc":{"Dur\u00e9e de lecture estim\u00e9e":"7 minutes"},"schema":{"@context":"https:\/\/schema.org","@graph":[{"@type":"WebPage","@id":"https:\/\/lasco.comu.ucl.ac.be\/wordpress\/projets\/","url":"https:\/\/lasco.comu.ucl.ac.be\/wordpress\/projets\/","name":"Projets de recherche - Le Lasco","isPartOf":{"@id":"https:\/\/lasco.comu.ucl.ac.be\/wordpress\/#website"},"datePublished":"2018-03-20T15:09:06+00:00","dateModified":"2021-01-06T09:35:56+00:00","breadcrumb":{"@id":"https:\/\/lasco.comu.ucl.ac.be\/wordpress\/projets\/#breadcrumb"},"inLanguage":"fr-FR","potentialAction":[{"@type":"ReadAction","target":["https:\/\/lasco.comu.ucl.ac.be\/wordpress\/projets\/"]}]},{"@type":"BreadcrumbList","@id":"https:\/\/lasco.comu.ucl.ac.be\/wordpress\/projets\/#breadcrumb","itemListElement":[{"@type":"ListItem","position":1,"name":"Accueil","item":"https:\/\/lasco.comu.ucl.ac.be\/wordpress"},{"@type":"ListItem","position":2,"name":"Projets de recherche"}]},{"@type":"WebSite","@id":"https:\/\/lasco.comu.ucl.ac.be\/wordpress\/#website","url":"https:\/\/lasco.comu.ucl.ac.be\/wordpress\/","name":"Le Lasco","description":"Le Laboratoire d&#039;Analyse des Syst\u00e8mes de Communication des Organisations","potentialAction":[{"@type":"SearchAction","target":{"@type":"EntryPoint","urlTemplate":"https:\/\/lasco.comu.ucl.ac.be\/wordpress\/?s={search_term_string}"},"query-input":{"@type":"PropertyValueSpecification","valueRequired":true,"valueName":"search_term_string"}}],"inLanguage":"fr-FR"}]}},"jetpack_sharing_enabled":true,"jetpack_shortlink":"https:\/\/wp.me\/P5k9Pv-1Mx","_links":{"self":[{"href":"https:\/\/lasco.comu.ucl.ac.be\/wordpress\/wp-json\/wp\/v2\/pages\/6853","targetHints":{"allow":["GET"]}}],"collection":[{"href":"https:\/\/lasco.comu.ucl.ac.be\/wordpress\/wp-json\/wp\/v2\/pages"}],"about":[{"href":"https:\/\/lasco.comu.ucl.ac.be\/wordpress\/wp-json\/wp\/v2\/types\/page"}],"author":[{"embeddable":true,"href":"https:\/\/lasco.comu.ucl.ac.be\/wordpress\/wp-json\/wp\/v2\/users\/93"}],"replies":[{"embeddable":true,"href":"https:\/\/lasco.comu.ucl.ac.be\/wordpress\/wp-json\/wp\/v2\/comments?post=6853"}],"version-history":[{"count":5,"href":"https:\/\/lasco.comu.ucl.ac.be\/wordpress\/wp-json\/wp\/v2\/pages\/6853\/revisions"}],"predecessor-version":[{"id":11433,"href":"https:\/\/lasco.comu.ucl.ac.be\/wordpress\/wp-json\/wp\/v2\/pages\/6853\/revisions\/11433"}],"wp:attachment":[{"href":"https:\/\/lasco.comu.ucl.ac.be\/wordpress\/wp-json\/wp\/v2\/media?parent=6853"}],"curies":[{"name":"wp","href":"https:\/\/api.w.org\/{rel}","templated":true}]}}